{"id":11490,"date":"2023-09-26T18:53:26","date_gmt":"2023-09-26T16:53:26","guid":{"rendered":"https:\/\/casidimare.corsica\/privacy-policy\/"},"modified":"2024-09-26T14:43:33","modified_gmt":"2024-09-26T12:43:33","slug":"privacy-policy","status":"publish","type":"page","link":"https:\/\/casidimare.corsica\/en\/privacy-policy\/","title":{"rendered":"Privacy policy"},"content":{"rendered":"\t\t<div data-elementor-type=\"wp-page\" data-elementor-id=\"11490\" class=\"elementor elementor-11490 elementor-3\" data-elementor-post-type=\"page\">\n\t\t\t\t<div class=\"elementor-element elementor-element-c0132a8 e-flex e-con-boxed e-con e-parent\" data-id=\"c0132a8\" data-element_type=\"container\" data-e-type=\"container\">\n\t\t\t\t\t<div class=\"e-con-inner\">\n\t\t\t\t<div class=\"elementor-element elementor-element-39f9bc74 elementor-widget elementor-widget-text-editor\" data-id=\"39f9bc74\" data-element_type=\"widget\" data-e-type=\"widget\" data-widget_type=\"text-editor.default\">\n\t\t\t\t<div class=\"elementor-widget-container\">\n\t\t\t\t\t\t\t\t\t<p>Protecting your privacy is very important to us.<br \/>\nIn the following, we will provide a detailed account of how we handle your information. <\/p>\n<h2>Acquisition, processing and use of personal data<\/h2>\n<p>You can visit our website without entering any personal information.<br \/>\nWe simply record access data in order to analyze and improve our offers, and we do not allow any access to your information.<br \/>\nPersonal data is collected if you provide it voluntarily, when requesting information via the contact form.  <\/p>\n<h2>Distribution of your personal information<\/h2>\n<p>Your personal data will not be transferred to third parties.<\/p>\n<h2>Right to information<\/h2>\n<p>You have the right to free information (by e-mail) concerning your personal data and their registration, as well as the right to correct, inhibit, cancel or revoke the authorizations granted.<br \/>\nPlease contact: CASI DI MARE &#8211; 20130 Carg\u00e8se.<br \/>\neMail: <a href=\"https:\/\/www.misceo.fr\/contact\">Via the contact form<\/a>  <\/p>\n<h2>Use of cookies<\/h2>\n<p>We use cookies on various sites to improve the attractiveness of our website and to enable the use of specific functions.<br \/>\nCookies are simple text files stored on your computer.<br \/>\nThey help to identify a user and his\/her behavior, enabling us to target his\/her interests.<br \/>\nMost of the cookies we use will be deleted from your hard drive once you have finished your browsing session (session cookies, for example).<br \/>\nOther cookies remain on your computer and enable us to recognize your computer the next time you visit (e.g. permanent cookies).<br \/>\nThese cookies remember information so that you don&#8217;t have to re-enter it in the form.<br \/>\nOur partner organizations are not authorized to gain, modify or use personal data through the use of cookies on our site.      <\/p>\n<h2>Recommendations produced by Google<\/h2>\n<p>On this website, we use Google Inc. technology to collect and store anonymous information about our visitors&#8217; browsing behaviour for marketing purposes.<br \/>\nThis data is stored using &#8220;cookie&#8221; text files on your computer.<br \/>\nUnder no circumstances will this data be used to personally identify a user of this site.  <\/p>\n<h2>Website analysis<\/h2>\n<p>In order to provide a tailored appearance and to optimize this site, anonymous data is collected and recorded using Google Tag Manager solutions and technologies.<br \/>\nThis data is then used to create usage profiles using pseudonyms.<br \/>\nCookies can be used to ensure that your browser is recognized again during a subsequent visit.<br \/>\nUsage profiles are not associated with the visitor or with the data of the person using a pseudonym, except with specific permission.<br \/>\nIn particular, IP addresses are rendered unrecognizable immediately after use, making it impossible to create usage profiles for IP addresses.    <\/p>\n<h2>Using Google Analytics<\/h2>\n<p>This website uses Google Analytics, a web analysis service provided by Google Inc.<br \/>\n(&#8220;Google&#8221;).<br \/>\nGoogle Analytics uses &#8220;cookies&#8221;, which are text files placed on your computer, to help the website analyze how users use the site.<br \/>\nInformation about your use of the website (including your IP address) will be transmitted to and stored by Google on servers in the United States.<br \/>\nGoogle will use this information for the purpose of evaluating your use of the website, compiling reports on website activity for advertisers and providing other services relating to website activity and internet usage.<br \/>\nGoogle may also transfer this information to third parties where required to do so by law, or where such third parties process the information on Google&#8217;s behalf.<br \/>\nUnder no circumstances will Google associate your IP address with any other information acquired by Google.<br \/>\nYou may refuse the use of cookies by changing the settings on your browser, however please note that if you do this you may not be able to use the full functionality of this website.<br \/>\nBy using our website, you consent to the processing of data about you by Google in the manner and for the purposes set out above.<br \/>\nThe future use and storage of data by Google Analytics can be cancelled at any time by downloading a Google Analytics deactivation add-on and installing it in your browser.<br \/>\nYou can find the deactivation add-on here: <a href=\"http:\/\/tools.google.com\/dlpage\/gaoptout?hl=fr\" target=\"_blank\" rel=\"noopener noreferrer\">http:\/\/tools.google.com\/dlpage\/gaoptout?hl=fr<\/a>          <\/p>\n\t\t\t\t\t\t\t\t<\/div>\n\t\t\t\t<\/div>\n\t\t\t\t\t<\/div>\n\t\t\t\t<\/div>\n\t\t\t\t<\/div>\n\t\t","protected":false},"excerpt":{"rendered":"<p>Protecting your privacy is very important to us. In the following, we will provide a detailed account of how we handle your information. Acquisition, processing and use of personal data You can visit our website without entering any personal information. We simply record access data in order to analyze and improve our offers, and we [&hellip;]<\/p>\n","protected":false},"author":2,"featured_media":0,"parent":0,"menu_order":0,"comment_status":"closed","ping_status":"open","template":"","meta":{"inline_featured_image":false,"footnotes":""},"class_list":["post-11490","page","type-page","status-publish","hentry"],"yoast_head":"<!-- This site is optimized with the Yoast SEO plugin v27.5 - https:\/\/yoast.com\/product\/yoast-seo-wordpress\/ -->\n<title>Privacy policy | Casi Di Mare<\/title>\n<meta name=\"robots\" content=\"index, follow, max-snippet:-1, max-image-preview:large, max-video-preview:-1\" \/>\n<link rel=\"canonical\" href=\"https:\/\/casidimare.corsica\/en\/privacy-policy\/\" \/>\n<meta property=\"og:locale\" content=\"en_US\" \/>\n<meta property=\"og:type\" content=\"article\" \/>\n<meta property=\"og:title\" content=\"Privacy policy | Casi Di Mare\" \/>\n<meta property=\"og:description\" content=\"Protecting your privacy is very important to us. In the following, we will provide a detailed account of how we handle your information. Acquisition, processing and use of personal data You can visit our website without entering any personal information. We simply record access data in order to analyze and improve our offers, and we [&hellip;]\" \/>\n<meta property=\"og:url\" content=\"https:\/\/casidimare.corsica\/en\/privacy-policy\/\" \/>\n<meta property=\"og:site_name\" content=\"Casi Di Mare\" \/>\n<meta property=\"article:modified_time\" content=\"2024-09-26T12:43:33+00:00\" \/>\n<meta name=\"twitter:card\" content=\"summary_large_image\" \/>\n<meta name=\"twitter:label1\" content=\"Est. reading time\" \/>\n\t<meta name=\"twitter:data1\" content=\"3 minutes\" \/>\n<script type=\"application\/ld+json\" class=\"yoast-schema-graph\">{\"@context\":\"https:\\\/\\\/schema.org\",\"@graph\":[{\"@type\":\"WebPage\",\"@id\":\"https:\\\/\\\/casidimare.corsica\\\/en\\\/privacy-policy\\\/\",\"url\":\"https:\\\/\\\/casidimare.corsica\\\/en\\\/privacy-policy\\\/\",\"name\":\"Privacy policy | Casi Di Mare\",\"isPartOf\":{\"@id\":\"https:\\\/\\\/casidimare.corsica\\\/en\\\/#website\"},\"datePublished\":\"2023-09-26T16:53:26+00:00\",\"dateModified\":\"2024-09-26T12:43:33+00:00\",\"breadcrumb\":{\"@id\":\"https:\\\/\\\/casidimare.corsica\\\/en\\\/privacy-policy\\\/#breadcrumb\"},\"inLanguage\":\"en-US\",\"potentialAction\":[{\"@type\":\"ReadAction\",\"target\":[\"https:\\\/\\\/casidimare.corsica\\\/en\\\/privacy-policy\\\/\"]}]},{\"@type\":\"BreadcrumbList\",\"@id\":\"https:\\\/\\\/casidimare.corsica\\\/en\\\/privacy-policy\\\/#breadcrumb\",\"itemListElement\":[{\"@type\":\"ListItem\",\"position\":1,\"name\":\"Accueil\",\"item\":\"https:\\\/\\\/casidimare.corsica\\\/en\\\/\"},{\"@type\":\"ListItem\",\"position\":2,\"name\":\"Privacy policy\"}]},{\"@type\":\"WebSite\",\"@id\":\"https:\\\/\\\/casidimare.corsica\\\/en\\\/#website\",\"url\":\"https:\\\/\\\/casidimare.corsica\\\/en\\\/\",\"name\":\"Casi Di Mare\",\"description\":\"R\u00e9sidence h\u00f4teli\u00e8re en Corse\",\"publisher\":{\"@id\":\"https:\\\/\\\/casidimare.corsica\\\/en\\\/#organization\"},\"potentialAction\":[{\"@type\":\"SearchAction\",\"target\":{\"@type\":\"EntryPoint\",\"urlTemplate\":\"https:\\\/\\\/casidimare.corsica\\\/en\\\/?s={search_term_string}\"},\"query-input\":{\"@type\":\"PropertyValueSpecification\",\"valueRequired\":true,\"valueName\":\"search_term_string\"}}],\"inLanguage\":\"en-US\"},{\"@type\":\"Organization\",\"@id\":\"https:\\\/\\\/casidimare.corsica\\\/en\\\/#organization\",\"name\":\"Casi di Mare\",\"url\":\"https:\\\/\\\/casidimare.corsica\\\/en\\\/\",\"logo\":{\"@type\":\"ImageObject\",\"inLanguage\":\"en-US\",\"@id\":\"https:\\\/\\\/casidimare.corsica\\\/en\\\/#\\\/schema\\\/logo\\\/image\\\/\",\"url\":\"https:\\\/\\\/casidimare.corsica\\\/wp-content\\\/uploads\\\/2023\\\/10\\\/casidimare-logo.png\",\"contentUrl\":\"https:\\\/\\\/casidimare.corsica\\\/wp-content\\\/uploads\\\/2023\\\/10\\\/casidimare-logo.png\",\"width\":3000,\"height\":2424,\"caption\":\"Casi di Mare\"},\"image\":{\"@id\":\"https:\\\/\\\/casidimare.corsica\\\/en\\\/#\\\/schema\\\/logo\\\/image\\\/\"}}]}<\/script>\n<!-- \/ Yoast SEO plugin. -->","yoast_head_json":{"title":"Privacy policy | Casi Di Mare","robots":{"index":"index","follow":"follow","max-snippet":"max-snippet:-1","max-image-preview":"max-image-preview:large","max-video-preview":"max-video-preview:-1"},"canonical":"https:\/\/casidimare.corsica\/en\/privacy-policy\/","og_locale":"en_US","og_type":"article","og_title":"Privacy policy | Casi Di Mare","og_description":"Protecting your privacy is very important to us. In the following, we will provide a detailed account of how we handle your information. Acquisition, processing and use of personal data You can visit our website without entering any personal information. We simply record access data in order to analyze and improve our offers, and we [&hellip;]","og_url":"https:\/\/casidimare.corsica\/en\/privacy-policy\/","og_site_name":"Casi Di Mare","article_modified_time":"2024-09-26T12:43:33+00:00","twitter_card":"summary_large_image","twitter_misc":{"Est. reading time":"3 minutes"},"schema":{"@context":"https:\/\/schema.org","@graph":[{"@type":"WebPage","@id":"https:\/\/casidimare.corsica\/en\/privacy-policy\/","url":"https:\/\/casidimare.corsica\/en\/privacy-policy\/","name":"Privacy policy | Casi Di Mare","isPartOf":{"@id":"https:\/\/casidimare.corsica\/en\/#website"},"datePublished":"2023-09-26T16:53:26+00:00","dateModified":"2024-09-26T12:43:33+00:00","breadcrumb":{"@id":"https:\/\/casidimare.corsica\/en\/privacy-policy\/#breadcrumb"},"inLanguage":"en-US","potentialAction":[{"@type":"ReadAction","target":["https:\/\/casidimare.corsica\/en\/privacy-policy\/"]}]},{"@type":"BreadcrumbList","@id":"https:\/\/casidimare.corsica\/en\/privacy-policy\/#breadcrumb","itemListElement":[{"@type":"ListItem","position":1,"name":"Accueil","item":"https:\/\/casidimare.corsica\/en\/"},{"@type":"ListItem","position":2,"name":"Privacy policy"}]},{"@type":"WebSite","@id":"https:\/\/casidimare.corsica\/en\/#website","url":"https:\/\/casidimare.corsica\/en\/","name":"Casi Di Mare","description":"R\u00e9sidence h\u00f4teli\u00e8re en Corse","publisher":{"@id":"https:\/\/casidimare.corsica\/en\/#organization"},"potentialAction":[{"@type":"SearchAction","target":{"@type":"EntryPoint","urlTemplate":"https:\/\/casidimare.corsica\/en\/?s={search_term_string}"},"query-input":{"@type":"PropertyValueSpecification","valueRequired":true,"valueName":"search_term_string"}}],"inLanguage":"en-US"},{"@type":"Organization","@id":"https:\/\/casidimare.corsica\/en\/#organization","name":"Casi di Mare","url":"https:\/\/casidimare.corsica\/en\/","logo":{"@type":"ImageObject","inLanguage":"en-US","@id":"https:\/\/casidimare.corsica\/en\/#\/schema\/logo\/image\/","url":"https:\/\/casidimare.corsica\/wp-content\/uploads\/2023\/10\/casidimare-logo.png","contentUrl":"https:\/\/casidimare.corsica\/wp-content\/uploads\/2023\/10\/casidimare-logo.png","width":3000,"height":2424,"caption":"Casi di Mare"},"image":{"@id":"https:\/\/casidimare.corsica\/en\/#\/schema\/logo\/image\/"}}]}},"_links":{"self":[{"href":"https:\/\/casidimare.corsica\/en\/wp-json\/wp\/v2\/pages\/11490","targetHints":{"allow":["GET"]}}],"collection":[{"href":"https:\/\/casidimare.corsica\/en\/wp-json\/wp\/v2\/pages"}],"about":[{"href":"https:\/\/casidimare.corsica\/en\/wp-json\/wp\/v2\/types\/page"}],"author":[{"embeddable":true,"href":"https:\/\/casidimare.corsica\/en\/wp-json\/wp\/v2\/users\/2"}],"replies":[{"embeddable":true,"href":"https:\/\/casidimare.corsica\/en\/wp-json\/wp\/v2\/comments?post=11490"}],"version-history":[{"count":1,"href":"https:\/\/casidimare.corsica\/en\/wp-json\/wp\/v2\/pages\/11490\/revisions"}],"predecessor-version":[{"id":11491,"href":"https:\/\/casidimare.corsica\/en\/wp-json\/wp\/v2\/pages\/11490\/revisions\/11491"}],"wp:attachment":[{"href":"https:\/\/casidimare.corsica\/en\/wp-json\/wp\/v2\/media?parent=11490"}],"curies":[{"name":"wp","href":"https:\/\/api.w.org\/{rel}","templated":true}]}}