{"id":11691,"date":"2024-11-13T16:42:37","date_gmt":"2024-11-13T15:42:37","guid":{"rendered":"https:\/\/casidimare.corsica\/news\/"},"modified":"2025-04-02T13:48:44","modified_gmt":"2025-04-02T11:48:44","slug":"news","status":"publish","type":"page","link":"https:\/\/casidimare.corsica\/en\/news\/","title":{"rendered":"News"},"content":{"rendered":"\t\t<div data-elementor-type=\"wp-page\" data-elementor-id=\"11691\" class=\"elementor elementor-11691 elementor-11600\" data-elementor-post-type=\"page\">\n\t\t\t\t<div class=\"elementor-element elementor-element-76e0d0c e-flex e-con-boxed e-con e-parent\" data-id=\"76e0d0c\" data-element_type=\"container\" data-e-type=\"container\">\n\t\t\t\t\t<div class=\"e-con-inner\">\n\t\t\t\t<div class=\"elementor-element elementor-element-a457a76 elementor-grid-3 elementor-grid-tablet-2 elementor-grid-mobile-1 elementor-widget elementor-widget-loop-grid\" data-id=\"a457a76\" data-element_type=\"widget\" data-e-type=\"widget\" data-settings=\"{&quot;template_id&quot;:11597,&quot;row_gap&quot;:{&quot;unit&quot;:&quot;px&quot;,&quot;size&quot;:0,&quot;sizes&quot;:[]},&quot;_skin&quot;:&quot;post&quot;,&quot;columns&quot;:&quot;3&quot;,&quot;columns_tablet&quot;:&quot;2&quot;,&quot;columns_mobile&quot;:&quot;1&quot;,&quot;edit_handle_selector&quot;:&quot;[data-elementor-type=\\&quot;loop-item\\&quot;]&quot;,&quot;row_gap_tablet&quot;:{&quot;unit&quot;:&quot;px&quot;,&quot;size&quot;:&quot;&quot;,&quot;sizes&quot;:[]},&quot;row_gap_mobile&quot;:{&quot;unit&quot;:&quot;px&quot;,&quot;size&quot;:&quot;&quot;,&quot;sizes&quot;:[]}}\" data-widget_type=\"loop-grid.post\">\n\t\t\t\t<div class=\"elementor-widget-container\">\n\t\t\t\t\t\t\t<div class=\"elementor-loop-container elementor-grid\" role=\"list\">\n\t\t<style id=\"loop-11597\">.elementor-11597 .elementor-element.elementor-element-b705df2{--display:flex;--flex-direction:column;--container-widget-width:100%;--container-widget-height:initial;--container-widget-flex-grow:0;--container-widget-align-self:initial;--flex-wrap-mobile:wrap;--padding-top:2rem;--padding-bottom:2rem;--padding-left:2rem;--padding-right:2rem;}<\/style>\t\t<div data-elementor-type=\"loop-item\" data-elementor-id=\"11597\" class=\"elementor elementor-11597 e-loop-item e-loop-item-12726 post-12726 post type-post status-publish format-standard has-post-thumbnail hentry category-non-classifiee\" data-elementor-post-type=\"elementor_library\" data-custom-edit-handle=\"1\">\n\t\t\t<div class=\"elementor-element elementor-element-b705df2 e-flex e-con-boxed e-con e-parent\" data-id=\"b705df2\" data-element_type=\"container\" data-e-type=\"container\">\n\t\t\t\t\t<div class=\"e-con-inner\">\n\t\t\t\t<div class=\"elementor-element elementor-element-945315d elementor-widget elementor-widget-theme-post-featured-image elementor-widget-image\" data-id=\"945315d\" data-element_type=\"widget\" data-e-type=\"widget\" data-widget_type=\"theme-post-featured-image.default\">\n\t\t\t\t<div class=\"elementor-widget-container\">\n\t\t\t\t\t\t\t\t\t\t\t\t\t\t\t\t<a href=\"https:\/\/casidimare.corsica\/en\/prepare-your-seminar-in-corsica-the-complete-guide\/\">\n\t\t\t\t\t\t\t<img fetchpriority=\"high\" decoding=\"async\" width=\"737\" height=\"1024\" src=\"https:\/\/casidimare.corsica\/wp-content\/uploads\/2025\/06\/seminaire-corse-737x1024.webp\" class=\"attachment-large size-large wp-image-12708\" alt=\"S\u00e9minaires en Corse\" srcset=\"https:\/\/casidimare.corsica\/wp-content\/uploads\/2025\/06\/seminaire-corse-737x1024.webp 737w, https:\/\/casidimare.corsica\/wp-content\/uploads\/2025\/06\/seminaire-corse-216x300.webp 216w, https:\/\/casidimare.corsica\/wp-content\/uploads\/2025\/06\/seminaire-corse-768x1067.webp 768w, https:\/\/casidimare.corsica\/wp-content\/uploads\/2025\/06\/seminaire-corse.webp 1080w\" sizes=\"(max-width: 737px) 100vw, 737px\" \/>\t\t\t\t\t\t\t\t<\/a>\n\t\t\t\t\t\t\t\t\t\t\t\t\t\t\t<\/div>\n\t\t\t\t<\/div>\n\t\t\t\t<div class=\"elementor-element elementor-element-a975f13 elementor-widget elementor-widget-heading\" data-id=\"a975f13\" data-element_type=\"widget\" data-e-type=\"widget\" data-widget_type=\"heading.default\">\n\t\t\t\t<div class=\"elementor-widget-container\">\n\t\t\t\t\t<h3 class=\"elementor-heading-title elementor-size-default\"><a href=\"https:\/\/casidimare.corsica\/en\/prepare-your-seminar-in-corsica-the-complete-guide\/\">Prepare your seminar in Corsica, the complete guide<\/a><\/h3>\t\t\t\t<\/div>\n\t\t\t\t<\/div>\n\t\t\t\t\t<\/div>\n\t\t\t\t<\/div>\n\t\t\t\t<\/div>\n\t\t\t\t<div data-elementor-type=\"loop-item\" data-elementor-id=\"11597\" class=\"elementor elementor-11597 e-loop-item e-loop-item-12583 post-12583 post type-post status-publish format-standard has-post-thumbnail hentry category-non-classifiee\" data-elementor-post-type=\"elementor_library\" data-custom-edit-handle=\"1\">\n\t\t\t<div class=\"elementor-element elementor-element-b705df2 e-flex e-con-boxed e-con e-parent\" data-id=\"b705df2\" data-element_type=\"container\" data-e-type=\"container\">\n\t\t\t\t\t<div class=\"e-con-inner\">\n\t\t\t\t<div class=\"elementor-element elementor-element-945315d elementor-widget elementor-widget-theme-post-featured-image elementor-widget-image\" data-id=\"945315d\" data-element_type=\"widget\" data-e-type=\"widget\" data-widget_type=\"theme-post-featured-image.default\">\n\t\t\t\t<div class=\"elementor-widget-container\">\n\t\t\t\t\t\t\t\t\t\t\t\t\t\t\t\t<a href=\"https:\/\/casidimare.corsica\/en\/say-yes-to-love-say-yes-to-corsica\/\">\n\t\t\t\t\t\t\t<img decoding=\"async\" width=\"737\" height=\"1024\" src=\"https:\/\/casidimare.corsica\/wp-content\/uploads\/2025\/04\/organisation-mariage-corse-737x1024.webp\" class=\"attachment-large size-large wp-image-12567\" alt=\"organisation de mariage en corse\" srcset=\"https:\/\/casidimare.corsica\/wp-content\/uploads\/2025\/04\/organisation-mariage-corse-737x1024.webp 737w, https:\/\/casidimare.corsica\/wp-content\/uploads\/2025\/04\/organisation-mariage-corse-216x300.webp 216w, https:\/\/casidimare.corsica\/wp-content\/uploads\/2025\/04\/organisation-mariage-corse-768x1067.webp 768w, https:\/\/casidimare.corsica\/wp-content\/uploads\/2025\/04\/organisation-mariage-corse.webp 1080w\" sizes=\"(max-width: 737px) 100vw, 737px\" \/>\t\t\t\t\t\t\t\t<\/a>\n\t\t\t\t\t\t\t\t\t\t\t\t\t\t\t<\/div>\n\t\t\t\t<\/div>\n\t\t\t\t<div class=\"elementor-element elementor-element-a975f13 elementor-widget elementor-widget-heading\" data-id=\"a975f13\" data-element_type=\"widget\" data-e-type=\"widget\" data-widget_type=\"heading.default\">\n\t\t\t\t<div class=\"elementor-widget-container\">\n\t\t\t\t\t<h3 class=\"elementor-heading-title elementor-size-default\"><a href=\"https:\/\/casidimare.corsica\/en\/say-yes-to-love-say-yes-to-corsica\/\">Say yes to Love, say yes to Corsica!<\/a><\/h3>\t\t\t\t<\/div>\n\t\t\t\t<\/div>\n\t\t\t\t\t<\/div>\n\t\t\t\t<\/div>\n\t\t\t\t<\/div>\n\t\t\t\t<div data-elementor-type=\"loop-item\" data-elementor-id=\"11597\" class=\"elementor elementor-11597 e-loop-item e-loop-item-11967 post-11967 post type-post status-publish format-standard has-post-thumbnail hentry category-non-classifiee\" data-elementor-post-type=\"elementor_library\" data-custom-edit-handle=\"1\">\n\t\t\t<div class=\"elementor-element elementor-element-b705df2 e-flex e-con-boxed e-con e-parent\" data-id=\"b705df2\" data-element_type=\"container\" data-e-type=\"container\">\n\t\t\t\t\t<div class=\"e-con-inner\">\n\t\t\t\t<div class=\"elementor-element elementor-element-945315d elementor-widget elementor-widget-theme-post-featured-image elementor-widget-image\" data-id=\"945315d\" data-element_type=\"widget\" data-e-type=\"widget\" data-widget_type=\"theme-post-featured-image.default\">\n\t\t\t\t<div class=\"elementor-widget-container\">\n\t\t\t\t\t\t\t\t\t\t\t\t\t\t\t\t<a href=\"https:\/\/casidimare.corsica\/en\/why-does-corsica-lend-itself-so-well-to-slow-tourism\/\">\n\t\t\t\t\t\t\t<img decoding=\"async\" width=\"737\" height=\"1024\" src=\"https:\/\/casidimare.corsica\/wp-content\/uploads\/2025\/02\/villa-vue-mer-corsica-cargese-737x1024.webp\" class=\"attachment-large size-large wp-image-11957\" alt=\"Vote s\u00e9jour prestige en Corse\" srcset=\"https:\/\/casidimare.corsica\/wp-content\/uploads\/2025\/02\/villa-vue-mer-corsica-cargese-737x1024.webp 737w, https:\/\/casidimare.corsica\/wp-content\/uploads\/2025\/02\/villa-vue-mer-corsica-cargese-216x300.webp 216w, https:\/\/casidimare.corsica\/wp-content\/uploads\/2025\/02\/villa-vue-mer-corsica-cargese-768x1067.webp 768w, https:\/\/casidimare.corsica\/wp-content\/uploads\/2025\/02\/villa-vue-mer-corsica-cargese.webp 1080w\" sizes=\"(max-width: 737px) 100vw, 737px\" \/>\t\t\t\t\t\t\t\t<\/a>\n\t\t\t\t\t\t\t\t\t\t\t\t\t\t\t<\/div>\n\t\t\t\t<\/div>\n\t\t\t\t<div class=\"elementor-element elementor-element-a975f13 elementor-widget elementor-widget-heading\" data-id=\"a975f13\" data-element_type=\"widget\" data-e-type=\"widget\" data-widget_type=\"heading.default\">\n\t\t\t\t<div class=\"elementor-widget-container\">\n\t\t\t\t\t<h3 class=\"elementor-heading-title elementor-size-default\"><a href=\"https:\/\/casidimare.corsica\/en\/why-does-corsica-lend-itself-so-well-to-slow-tourism\/\">Why does Corsica lend itself so well to &#8220;slow tourism&#8221;?<\/a><\/h3>\t\t\t\t<\/div>\n\t\t\t\t<\/div>\n\t\t\t\t\t<\/div>\n\t\t\t\t<\/div>\n\t\t\t\t<\/div>\n\t\t\t\t<div data-elementor-type=\"loop-item\" data-elementor-id=\"11597\" class=\"elementor elementor-11597 e-loop-item e-loop-item-11924 post-11924 post type-post status-publish format-standard has-post-thumbnail hentry category-non-classifiee\" data-elementor-post-type=\"elementor_library\" data-custom-edit-handle=\"1\">\n\t\t\t<div class=\"elementor-element elementor-element-b705df2 e-flex e-con-boxed e-con e-parent\" data-id=\"b705df2\" data-element_type=\"container\" data-e-type=\"container\">\n\t\t\t\t\t<div class=\"e-con-inner\">\n\t\t\t\t<div class=\"elementor-element elementor-element-945315d elementor-widget elementor-widget-theme-post-featured-image elementor-widget-image\" data-id=\"945315d\" data-element_type=\"widget\" data-e-type=\"widget\" data-widget_type=\"theme-post-featured-image.default\">\n\t\t\t\t<div class=\"elementor-widget-container\">\n\t\t\t\t\t\t\t\t\t\t\t\t\t\t\t\t<a href=\"https:\/\/casidimare.corsica\/en\/corsica-in-winter-a-well-kept-secret\/\">\n\t\t\t\t\t\t\t<img loading=\"lazy\" decoding=\"async\" width=\"737\" height=\"1024\" src=\"https:\/\/casidimare.corsica\/wp-content\/uploads\/2025\/01\/sejour-hiver-en-corse-737x1024.webp\" class=\"attachment-large size-large wp-image-11880\" alt=\"S\u00e9jour en Corse en hiver\" srcset=\"https:\/\/casidimare.corsica\/wp-content\/uploads\/2025\/01\/sejour-hiver-en-corse-737x1024.webp 737w, https:\/\/casidimare.corsica\/wp-content\/uploads\/2025\/01\/sejour-hiver-en-corse-216x300.webp 216w, https:\/\/casidimare.corsica\/wp-content\/uploads\/2025\/01\/sejour-hiver-en-corse-768x1067.webp 768w, https:\/\/casidimare.corsica\/wp-content\/uploads\/2025\/01\/sejour-hiver-en-corse.webp 1080w\" sizes=\"(max-width: 737px) 100vw, 737px\" \/>\t\t\t\t\t\t\t\t<\/a>\n\t\t\t\t\t\t\t\t\t\t\t\t\t\t\t<\/div>\n\t\t\t\t<\/div>\n\t\t\t\t<div class=\"elementor-element elementor-element-a975f13 elementor-widget elementor-widget-heading\" data-id=\"a975f13\" data-element_type=\"widget\" data-e-type=\"widget\" data-widget_type=\"heading.default\">\n\t\t\t\t<div class=\"elementor-widget-container\">\n\t\t\t\t\t<h3 class=\"elementor-heading-title elementor-size-default\"><a href=\"https:\/\/casidimare.corsica\/en\/corsica-in-winter-a-well-kept-secret\/\">Corsica in winter: a well-kept secret?<\/a><\/h3>\t\t\t\t<\/div>\n\t\t\t\t<\/div>\n\t\t\t\t\t<\/div>\n\t\t\t\t<\/div>\n\t\t\t\t<\/div>\n\t\t\t\t<div data-elementor-type=\"loop-item\" data-elementor-id=\"11597\" class=\"elementor elementor-11597 e-loop-item e-loop-item-11863 post-11863 post type-post status-publish format-standard has-post-thumbnail hentry category-non-classifiee\" data-elementor-post-type=\"elementor_library\" data-custom-edit-handle=\"1\">\n\t\t\t<div class=\"elementor-element elementor-element-b705df2 e-flex e-con-boxed e-con e-parent\" data-id=\"b705df2\" data-element_type=\"container\" data-e-type=\"container\">\n\t\t\t\t\t<div class=\"e-con-inner\">\n\t\t\t\t<div class=\"elementor-element elementor-element-945315d elementor-widget elementor-widget-theme-post-featured-image elementor-widget-image\" data-id=\"945315d\" data-element_type=\"widget\" data-e-type=\"widget\" data-widget_type=\"theme-post-featured-image.default\">\n\t\t\t\t<div class=\"elementor-widget-container\">\n\t\t\t\t\t\t\t\t\t\t\t\t\t\t\t\t<a href=\"https:\/\/casidimare.corsica\/en\/happy-new-year-2025-pace-e-salute\/\">\n\t\t\t\t\t\t\t<img loading=\"lazy\" decoding=\"async\" width=\"737\" height=\"1024\" src=\"https:\/\/casidimare.corsica\/wp-content\/uploads\/2025\/01\/bonne-annee-en-corse-737x1024.webp\" class=\"attachment-large size-large wp-image-11844\" alt=\"Pace \u00e8 salute\" srcset=\"https:\/\/casidimare.corsica\/wp-content\/uploads\/2025\/01\/bonne-annee-en-corse-737x1024.webp 737w, https:\/\/casidimare.corsica\/wp-content\/uploads\/2025\/01\/bonne-annee-en-corse-216x300.webp 216w, https:\/\/casidimare.corsica\/wp-content\/uploads\/2025\/01\/bonne-annee-en-corse-768x1067.webp 768w, https:\/\/casidimare.corsica\/wp-content\/uploads\/2025\/01\/bonne-annee-en-corse.webp 1080w\" sizes=\"(max-width: 737px) 100vw, 737px\" \/>\t\t\t\t\t\t\t\t<\/a>\n\t\t\t\t\t\t\t\t\t\t\t\t\t\t\t<\/div>\n\t\t\t\t<\/div>\n\t\t\t\t<div class=\"elementor-element elementor-element-a975f13 elementor-widget elementor-widget-heading\" data-id=\"a975f13\" data-element_type=\"widget\" data-e-type=\"widget\" data-widget_type=\"heading.default\">\n\t\t\t\t<div class=\"elementor-widget-container\">\n\t\t\t\t\t<h3 class=\"elementor-heading-title elementor-size-default\"><a href=\"https:\/\/casidimare.corsica\/en\/happy-new-year-2025-pace-e-salute\/\">Happy New Year 2025 &#8211; Pac\u00e8 \u00e8 salute!<\/a><\/h3>\t\t\t\t<\/div>\n\t\t\t\t<\/div>\n\t\t\t\t\t<\/div>\n\t\t\t\t<\/div>\n\t\t\t\t<\/div>\n\t\t\t\t<div data-elementor-type=\"loop-item\" data-elementor-id=\"11597\" class=\"elementor elementor-11597 e-loop-item e-loop-item-11804 post-11804 post type-post status-publish format-standard has-post-thumbnail hentry category-non-classifiee\" data-elementor-post-type=\"elementor_library\" data-custom-edit-handle=\"1\">\n\t\t\t<div class=\"elementor-element elementor-element-b705df2 e-flex e-con-boxed e-con e-parent\" data-id=\"b705df2\" data-element_type=\"container\" data-e-type=\"container\">\n\t\t\t\t\t<div class=\"e-con-inner\">\n\t\t\t\t<div class=\"elementor-element elementor-element-945315d elementor-widget elementor-widget-theme-post-featured-image elementor-widget-image\" data-id=\"945315d\" data-element_type=\"widget\" data-e-type=\"widget\" data-widget_type=\"theme-post-featured-image.default\">\n\t\t\t\t<div class=\"elementor-widget-container\">\n\t\t\t\t\t\t\t\t\t\t\t\t\t\t\t\t<a href=\"https:\/\/casidimare.corsica\/en\/why-choose-corsica-to-celebrate-the-festive-season\/\">\n\t\t\t\t\t\t\t<img loading=\"lazy\" decoding=\"async\" width=\"737\" height=\"1024\" src=\"https:\/\/casidimare.corsica\/wp-content\/uploads\/2024\/12\/noel-en-corse-737x1024.webp\" class=\"attachment-large size-large wp-image-11789\" alt=\"No\u00ebl en Corse\" srcset=\"https:\/\/casidimare.corsica\/wp-content\/uploads\/2024\/12\/noel-en-corse-737x1024.webp 737w, https:\/\/casidimare.corsica\/wp-content\/uploads\/2024\/12\/noel-en-corse-216x300.webp 216w, https:\/\/casidimare.corsica\/wp-content\/uploads\/2024\/12\/noel-en-corse-768x1067.webp 768w, https:\/\/casidimare.corsica\/wp-content\/uploads\/2024\/12\/noel-en-corse.webp 1080w\" sizes=\"(max-width: 737px) 100vw, 737px\" \/>\t\t\t\t\t\t\t\t<\/a>\n\t\t\t\t\t\t\t\t\t\t\t\t\t\t\t<\/div>\n\t\t\t\t<\/div>\n\t\t\t\t<div class=\"elementor-element elementor-element-a975f13 elementor-widget elementor-widget-heading\" data-id=\"a975f13\" data-element_type=\"widget\" data-e-type=\"widget\" data-widget_type=\"heading.default\">\n\t\t\t\t<div class=\"elementor-widget-container\">\n\t\t\t\t\t<h3 class=\"elementor-heading-title elementor-size-default\"><a href=\"https:\/\/casidimare.corsica\/en\/why-choose-corsica-to-celebrate-the-festive-season\/\">Why choose Corsica to celebrate the festive season?<\/a><\/h3>\t\t\t\t<\/div>\n\t\t\t\t<\/div>\n\t\t\t\t\t<\/div>\n\t\t\t\t<\/div>\n\t\t\t\t<\/div>\n\t\t\t\t<div data-elementor-type=\"loop-item\" data-elementor-id=\"11597\" class=\"elementor elementor-11597 e-loop-item e-loop-item-11689 post-11689 post type-post status-publish format-standard has-post-thumbnail hentry category-non-classifiee\" data-elementor-post-type=\"elementor_library\" data-custom-edit-handle=\"1\">\n\t\t\t<div class=\"elementor-element elementor-element-b705df2 e-flex e-con-boxed e-con e-parent\" data-id=\"b705df2\" data-element_type=\"container\" data-e-type=\"container\">\n\t\t\t\t\t<div class=\"e-con-inner\">\n\t\t\t\t<div class=\"elementor-element elementor-element-945315d elementor-widget elementor-widget-theme-post-featured-image elementor-widget-image\" data-id=\"945315d\" data-element_type=\"widget\" data-e-type=\"widget\" data-widget_type=\"theme-post-featured-image.default\">\n\t\t\t\t<div class=\"elementor-widget-container\">\n\t\t\t\t\t\t\t\t\t\t\t\t\t\t\t\t<a href=\"https:\/\/casidimare.corsica\/en\/cargese-in-autumn-5-good-reasons-to-discover-this-hidden-treasure\/\">\n\t\t\t\t\t\t\t<img loading=\"lazy\" decoding=\"async\" width=\"737\" height=\"1024\" src=\"https:\/\/casidimare.corsica\/wp-content\/uploads\/2024\/11\/eglise-latine-cargese-737x1024.webp\" class=\"attachment-large size-large wp-image-11685\" alt=\"Vacances en Corse automne\" srcset=\"https:\/\/casidimare.corsica\/wp-content\/uploads\/2024\/11\/eglise-latine-cargese-737x1024.webp 737w, https:\/\/casidimare.corsica\/wp-content\/uploads\/2024\/11\/eglise-latine-cargese-216x300.webp 216w, https:\/\/casidimare.corsica\/wp-content\/uploads\/2024\/11\/eglise-latine-cargese-768x1067.webp 768w, https:\/\/casidimare.corsica\/wp-content\/uploads\/2024\/11\/eglise-latine-cargese.webp 1080w\" sizes=\"(max-width: 737px) 100vw, 737px\" \/>\t\t\t\t\t\t\t\t<\/a>\n\t\t\t\t\t\t\t\t\t\t\t\t\t\t\t<\/div>\n\t\t\t\t<\/div>\n\t\t\t\t<div class=\"elementor-element elementor-element-a975f13 elementor-widget elementor-widget-heading\" data-id=\"a975f13\" data-element_type=\"widget\" data-e-type=\"widget\" data-widget_type=\"heading.default\">\n\t\t\t\t<div class=\"elementor-widget-container\">\n\t\t\t\t\t<h3 class=\"elementor-heading-title elementor-size-default\"><a href=\"https:\/\/casidimare.corsica\/en\/cargese-in-autumn-5-good-reasons-to-discover-this-hidden-treasure\/\">Carg\u00e8se in autumn: 5 good reasons to discover this hidden treasure<\/a><\/h3>\t\t\t\t<\/div>\n\t\t\t\t<\/div>\n\t\t\t\t\t<\/div>\n\t\t\t\t<\/div>\n\t\t\t\t<\/div>\n\t\t\t\t<\/div>\n\t\t\n\t\t\t\t\t\t<\/div>\n\t\t\t\t<\/div>\n\t\t\t\t\t<\/div>\n\t\t\t\t<\/div>\n\t\t\t\t<\/div>\n\t\t","protected":false},"excerpt":{"rendered":"","protected":false},"author":2,"featured_media":0,"parent":0,"menu_order":0,"comment_status":"closed","ping_status":"closed","template":"","meta":{"inline_featured_image":false,"footnotes":""},"class_list":["post-11691","page","type-page","status-publish","hentry"],"yoast_head":"<!-- This site is optimized with the Yoast SEO plugin v27.4 - https:\/\/yoast.com\/product\/yoast-seo-wordpress\/ -->\n<title>News | Casi Di Mare<\/title>\n<meta name=\"description\" content=\"Your exceptional stay in Carg\u00e8se, South Corsica. Discover the region, its unique landscapes and enjoy our luxury facilities overlooking the sea.\" \/>\n<meta name=\"robots\" content=\"index, follow, max-snippet:-1, max-image-preview:large, max-video-preview:-1\" \/>\n<link rel=\"canonical\" href=\"https:\/\/casidimare.corsica\/en\/news\/\" \/>\n<meta property=\"og:locale\" content=\"en_US\" \/>\n<meta property=\"og:type\" content=\"article\" \/>\n<meta property=\"og:title\" content=\"News | Casi Di Mare\" \/>\n<meta property=\"og:description\" content=\"Your exceptional stay in Carg\u00e8se, South Corsica. Discover the region, its unique landscapes and enjoy our luxury facilities overlooking the sea.\" \/>\n<meta property=\"og:url\" content=\"https:\/\/casidimare.corsica\/en\/news\/\" \/>\n<meta property=\"og:site_name\" content=\"Casi Di Mare\" \/>\n<meta property=\"article:modified_time\" content=\"2025-04-02T11:48:44+00:00\" \/>\n<meta name=\"twitter:card\" content=\"summary_large_image\" \/>\n<script type=\"application\/ld+json\" class=\"yoast-schema-graph\">{\"@context\":\"https:\\\/\\\/schema.org\",\"@graph\":[{\"@type\":\"WebPage\",\"@id\":\"https:\\\/\\\/casidimare.corsica\\\/en\\\/news\\\/\",\"url\":\"https:\\\/\\\/casidimare.corsica\\\/en\\\/news\\\/\",\"name\":\"News | Casi Di Mare\",\"isPartOf\":{\"@id\":\"https:\\\/\\\/casidimare.corsica\\\/en\\\/#website\"},\"datePublished\":\"2024-11-13T15:42:37+00:00\",\"dateModified\":\"2025-04-02T11:48:44+00:00\",\"description\":\"Your exceptional stay in Carg\u00e8se, South Corsica. Discover the region, its unique landscapes and enjoy our luxury facilities overlooking the sea.\",\"breadcrumb\":{\"@id\":\"https:\\\/\\\/casidimare.corsica\\\/en\\\/news\\\/#breadcrumb\"},\"inLanguage\":\"en-US\",\"potentialAction\":[{\"@type\":\"ReadAction\",\"target\":[\"https:\\\/\\\/casidimare.corsica\\\/en\\\/news\\\/\"]}]},{\"@type\":\"BreadcrumbList\",\"@id\":\"https:\\\/\\\/casidimare.corsica\\\/en\\\/news\\\/#breadcrumb\",\"itemListElement\":[{\"@type\":\"ListItem\",\"position\":1,\"name\":\"Accueil\",\"item\":\"https:\\\/\\\/casidimare.corsica\\\/en\\\/\"},{\"@type\":\"ListItem\",\"position\":2,\"name\":\"News\"}]},{\"@type\":\"WebSite\",\"@id\":\"https:\\\/\\\/casidimare.corsica\\\/en\\\/#website\",\"url\":\"https:\\\/\\\/casidimare.corsica\\\/en\\\/\",\"name\":\"Casi Di Mare\",\"description\":\"R\u00e9sidence h\u00f4teli\u00e8re en Corse\",\"publisher\":{\"@id\":\"https:\\\/\\\/casidimare.corsica\\\/en\\\/#organization\"},\"potentialAction\":[{\"@type\":\"SearchAction\",\"target\":{\"@type\":\"EntryPoint\",\"urlTemplate\":\"https:\\\/\\\/casidimare.corsica\\\/en\\\/?s={search_term_string}\"},\"query-input\":{\"@type\":\"PropertyValueSpecification\",\"valueRequired\":true,\"valueName\":\"search_term_string\"}}],\"inLanguage\":\"en-US\"},{\"@type\":\"Organization\",\"@id\":\"https:\\\/\\\/casidimare.corsica\\\/en\\\/#organization\",\"name\":\"Casi di Mare\",\"url\":\"https:\\\/\\\/casidimare.corsica\\\/en\\\/\",\"logo\":{\"@type\":\"ImageObject\",\"inLanguage\":\"en-US\",\"@id\":\"https:\\\/\\\/casidimare.corsica\\\/en\\\/#\\\/schema\\\/logo\\\/image\\\/\",\"url\":\"https:\\\/\\\/casidimare.corsica\\\/wp-content\\\/uploads\\\/2023\\\/10\\\/casidimare-logo.png\",\"contentUrl\":\"https:\\\/\\\/casidimare.corsica\\\/wp-content\\\/uploads\\\/2023\\\/10\\\/casidimare-logo.png\",\"width\":3000,\"height\":2424,\"caption\":\"Casi di Mare\"},\"image\":{\"@id\":\"https:\\\/\\\/casidimare.corsica\\\/en\\\/#\\\/schema\\\/logo\\\/image\\\/\"}}]}<\/script>\n<!-- \/ Yoast SEO plugin. -->","yoast_head_json":{"title":"News | Casi Di Mare","description":"Your exceptional stay in Carg\u00e8se, South Corsica. Discover the region, its unique landscapes and enjoy our luxury facilities overlooking the sea.","robots":{"index":"index","follow":"follow","max-snippet":"max-snippet:-1","max-image-preview":"max-image-preview:large","max-video-preview":"max-video-preview:-1"},"canonical":"https:\/\/casidimare.corsica\/en\/news\/","og_locale":"en_US","og_type":"article","og_title":"News | Casi Di Mare","og_description":"Your exceptional stay in Carg\u00e8se, South Corsica. Discover the region, its unique landscapes and enjoy our luxury facilities overlooking the sea.","og_url":"https:\/\/casidimare.corsica\/en\/news\/","og_site_name":"Casi Di Mare","article_modified_time":"2025-04-02T11:48:44+00:00","twitter_card":"summary_large_image","schema":{"@context":"https:\/\/schema.org","@graph":[{"@type":"WebPage","@id":"https:\/\/casidimare.corsica\/en\/news\/","url":"https:\/\/casidimare.corsica\/en\/news\/","name":"News | Casi Di Mare","isPartOf":{"@id":"https:\/\/casidimare.corsica\/en\/#website"},"datePublished":"2024-11-13T15:42:37+00:00","dateModified":"2025-04-02T11:48:44+00:00","description":"Your exceptional stay in Carg\u00e8se, South Corsica. Discover the region, its unique landscapes and enjoy our luxury facilities overlooking the sea.","breadcrumb":{"@id":"https:\/\/casidimare.corsica\/en\/news\/#breadcrumb"},"inLanguage":"en-US","potentialAction":[{"@type":"ReadAction","target":["https:\/\/casidimare.corsica\/en\/news\/"]}]},{"@type":"BreadcrumbList","@id":"https:\/\/casidimare.corsica\/en\/news\/#breadcrumb","itemListElement":[{"@type":"ListItem","position":1,"name":"Accueil","item":"https:\/\/casidimare.corsica\/en\/"},{"@type":"ListItem","position":2,"name":"News"}]},{"@type":"WebSite","@id":"https:\/\/casidimare.corsica\/en\/#website","url":"https:\/\/casidimare.corsica\/en\/","name":"Casi Di Mare","description":"R\u00e9sidence h\u00f4teli\u00e8re en Corse","publisher":{"@id":"https:\/\/casidimare.corsica\/en\/#organization"},"potentialAction":[{"@type":"SearchAction","target":{"@type":"EntryPoint","urlTemplate":"https:\/\/casidimare.corsica\/en\/?s={search_term_string}"},"query-input":{"@type":"PropertyValueSpecification","valueRequired":true,"valueName":"search_term_string"}}],"inLanguage":"en-US"},{"@type":"Organization","@id":"https:\/\/casidimare.corsica\/en\/#organization","name":"Casi di Mare","url":"https:\/\/casidimare.corsica\/en\/","logo":{"@type":"ImageObject","inLanguage":"en-US","@id":"https:\/\/casidimare.corsica\/en\/#\/schema\/logo\/image\/","url":"https:\/\/casidimare.corsica\/wp-content\/uploads\/2023\/10\/casidimare-logo.png","contentUrl":"https:\/\/casidimare.corsica\/wp-content\/uploads\/2023\/10\/casidimare-logo.png","width":3000,"height":2424,"caption":"Casi di Mare"},"image":{"@id":"https:\/\/casidimare.corsica\/en\/#\/schema\/logo\/image\/"}}]}},"_links":{"self":[{"href":"https:\/\/casidimare.corsica\/en\/wp-json\/wp\/v2\/pages\/11691","targetHints":{"allow":["GET"]}}],"collection":[{"href":"https:\/\/casidimare.corsica\/en\/wp-json\/wp\/v2\/pages"}],"about":[{"href":"https:\/\/casidimare.corsica\/en\/wp-json\/wp\/v2\/types\/page"}],"author":[{"embeddable":true,"href":"https:\/\/casidimare.corsica\/en\/wp-json\/wp\/v2\/users\/2"}],"replies":[{"embeddable":true,"href":"https:\/\/casidimare.corsica\/en\/wp-json\/wp\/v2\/comments?post=11691"}],"version-history":[{"count":1,"href":"https:\/\/casidimare.corsica\/en\/wp-json\/wp\/v2\/pages\/11691\/revisions"}],"predecessor-version":[{"id":11692,"href":"https:\/\/casidimare.corsica\/en\/wp-json\/wp\/v2\/pages\/11691\/revisions\/11692"}],"wp:attachment":[{"href":"https:\/\/casidimare.corsica\/en\/wp-json\/wp\/v2\/media?parent=11691"}],"curies":[{"name":"wp","href":"https:\/\/api.w.org\/{rel}","templated":true}]}}